{"id":835,"date":"2025-07-07T13:31:58","date_gmt":"2025-07-07T11:31:58","guid":{"rendered":"https:\/\/abomn.com\/?page_id=835"},"modified":"2025-07-07T13:32:49","modified_gmt":"2025-07-07T11:32:49","slug":"conditions-dutilisation","status":"publish","type":"page","link":"https:\/\/abomn.com\/fr\/conditions-dutilisation\/","title":{"rendered":"Conditions d&rsquo;utilisation"},"content":{"rendered":"<section>\n<div class=\"container\">Les pr\u00e9sentes conditions g\u00e9n\u00e9rales d&rsquo;utilisation du site Web r\u00e9gissent les conditions g\u00e9n\u00e9rales d&rsquo;acc\u00e8s et d&rsquo;utilisation www.abomn.com, propri\u00e9t\u00e9 de :<\/p>\n<ul>\n<li>Titulaire: JAMAL GHARBAOUI<\/li>\n<li>Adresse: Aingeru Kalea 12 \u00b7 20720 Azkoitia [Gipuzkoa]<\/li>\n<li>Site Web : www.abomn.com<\/li>\n<\/ul>\n<p>L&rsquo;utilisateur du site doit lire et accepter pour utiliser tous les services et informations fournis \u00e0 partir du site. L\u2019acc\u00e8s et\/ou l\u2019utilisation du site, de tout ou partie de ses contenus et\/ou services signifie l\u2019acceptation pleine et enti\u00e8re des pr\u00e9sentes conditions g\u00e9n\u00e9rales d\u2019utilisation.<\/p>\n<p>&nbsp;<\/p>\n<h2>Conditions d&rsquo;utilisation<\/h2>\n<p>Les pr\u00e9sentes conditions g\u00e9n\u00e9rales d&rsquo;utilisation du site r\u00e9gissent l&rsquo;acc\u00e8s et son utilisation, y compris les contenus et les services mis \u00e0 la disposition des utilisateurs sur et\/ou via le site Web, soit par le site Web, soit par des tiers. Toutefois, l\u2019acc\u00e8s et l\u2019utilisation de certains contenus et\/ou services peuvent \u00eatre soumis \u00e0 certaines conditions sp\u00e9cifiques.<\/p>\n<p>&nbsp;<\/p>\n<h2>Modifications<\/h2>\n<p>JAMAL GHARBAOUI se r\u00e9serve le droit de modifier \u00e0 tout moment les conditions g\u00e9n\u00e9rales d&rsquo;utilisation du site. Dans tous les cas, il est recommand\u00e9 de consulter r\u00e9guli\u00e8rement les pr\u00e9sentes conditions d&rsquo;utilisation du site, car elles peuvent \u00eatre modifi\u00e9es.<\/p>\n<p>&nbsp;<\/p>\n<h2>Obligations de l\u2019Utilisateur<\/h2>\n<p>L\u2019utilisateur doit respecter \u00e0 tout moment les conditions \u00e9nonc\u00e9es dans les pr\u00e9sentes conditions g\u00e9n\u00e9rales d\u2019utilisation du site. De mani\u00e8re expresse, l&rsquo;utilisateur d\u00e9clare qu&rsquo;il utilisera le site de mani\u00e8re diligente et en assumant toute responsabilit\u00e9 qui pourrait d\u00e9couler de la violation des r\u00e8gles.<\/p>\n<p>De m\u00eame, l\u2019utilisateur ne peut pas utiliser le site Web pour transmettre, stocker, divulguer promouvoir ou distribuer des donn\u00e9es ou des contenus qui sont porteurs de virus ou tout autre code informatique, fichiers ou programmes con\u00e7us pour interrompre, d\u00e9truire ou nuire au fonctionnement de tout programme ou \u00e9quipement informatique ou de t\u00e9l\u00e9communication.<\/p>\n<p>&nbsp;<\/p>\n<h2>Responsabilit\u00e9 du site<\/h2>\n<p>L&rsquo;utilisateur sait et accepte que le site ne donne aucune garantie de quelque nature que ce soit, expresse ou implicite, sur les donn\u00e9es, contenus, informations et services qui sont incorpor\u00e9s et offerts \u00e0 partir du site.<\/p>\n<p>Sauf dans les cas express\u00e9ment impos\u00e9s par la loi, et uniquement dans la mesure et l&rsquo;\u00e9tendue dans lesquelles elle l&rsquo;impose, le site Web ne garantit ni n&rsquo;assume aucune responsabilit\u00e9 quant aux dommages et pr\u00e9judices \u00e9ventuels caus\u00e9s par l&rsquo;utilisation et l&rsquo;utilisation des informations, donn\u00e9es et services du site Web.<\/p>\n<p>Dans tous les cas, le site exclut toute responsabilit\u00e9 pour les dommages qui peuvent \u00eatre caus\u00e9s par les informations et\/ou les services fournis ou fournis par des tiers autres que JAMAL GHARBAOUI Toute responsabilit\u00e9 sera du tiers fournisseur ou collaborateur.<\/p>\n<p>&nbsp;<\/p>\n<h2>Propri\u00e9t\u00e9 intellectuelle et industrielle<\/h2>\n<p>Tous les contenus, marques, logos, dessins, documents, logiciels ou tout autre \u00e9l\u00e9ment susceptible de protection par la l\u00e9gislation de propri\u00e9t\u00e9 intellectuelle ou industrielle, qui sont accessibles sur le Web, appartiennent exclusivement \u00e0 JAMAL GHARBAOUI ou \u00e0 ses propri\u00e9taires l\u00e9gitimes et sont express\u00e9ment r\u00e9serv\u00e9s tous les droits sur ceux-ci. Il est express\u00e9ment interdit de cr\u00e9er des liens hypertextes (links) vers tout \u00e9l\u00e9ment composant des pages Web sans l&rsquo;autorisation de JAMAL GHARBAOUI<\/p>\n<p>En tout \u00e9tat de cause, le site se r\u00e9serve tous les droits sur le contenu, les informations et les services que vous poss\u00e9dez \u00e0 leur sujet. Le site ne conc\u00e8de aucune licence ou autorisation d&rsquo;utilisation \u00e0 l&rsquo;utilisateur sur ses contenus, donn\u00e9es ou services, autre que celle express\u00e9ment d\u00e9crite dans les pr\u00e9sentes conditions g\u00e9n\u00e9rales d&rsquo;utilisation du site.<\/p>\n<p>&nbsp;<\/p>\n<h2>L\u00e9gislation applicable, juridiction comp\u00e9tente et notifications<\/h2>\n<p>Les pr\u00e9sentes conditions sont r\u00e9gies et interpr\u00e9t\u00e9es conform\u00e9ment aux lois de l&rsquo;Espagne. Les tribunaux d&rsquo;Azpeitia sont comp\u00e9tents pour toute r\u00e9clamation. Toutes les notifications, demandes, requ\u00eates et autres communications que l\u2019Utilisateur souhaite faire \u00e0 JAMAL GHARBAOUI propri\u00e9taire du site Web doivent \u00eatre faites par \u00e9crit et sont r\u00e9put\u00e9es avoir \u00e9t\u00e9 effectu\u00e9es correctement lorsqu\u2019elles ont \u00e9t\u00e9 re\u00e7ues \u00e0 l\u2019adresse suivante Aingeru Kalea 12 \u00b7 20720 Azkoitia [Gipuzkoa].<\/p>\n<\/div>\n<\/section>\n","protected":false},"excerpt":{"rendered":"<p>Les pr\u00e9sentes conditions g\u00e9n\u00e9rales d&rsquo;utilisation du site Web r\u00e9gissent les conditions g\u00e9n\u00e9rales d&rsquo;acc\u00e8s et d&rsquo;utilisation www.abomn.com, propri\u00e9t\u00e9 de : Titulaire: JAMAL GHARBAOUI Adresse: Aingeru Kalea 12 \u00b7 20720 Azkoitia [Gipuzkoa] Site Web : www.abomn.com L&rsquo;utilisateur du site doit lire et accepter pour utiliser tous les services et informations fournis \u00e0 partir du site. L\u2019acc\u00e8s et\/ou [&hellip;]<\/p>\n","protected":false},"author":2,"featured_media":0,"parent":0,"menu_order":0,"comment_status":"closed","ping_status":"closed","template":"","meta":{"_acf_changed":false,"footnotes":""},"class_list":["post-835","page","type-page","status-publish","hentry"],"acf":[],"yoast_head":"<!-- This site is optimized with the Yoast SEO plugin v25.5 - https:\/\/yoast.com\/wordpress\/plugins\/seo\/ -->\n<title>Conditions d&#039;utilisation | ABO M.N.<\/title>\n<meta name=\"robots\" content=\"index, follow, max-snippet:-1, max-image-preview:large, max-video-preview:-1\" \/>\n<link rel=\"canonical\" href=\"https:\/\/abomn.com\/fr\/conditions-dutilisation\/\" \/>\n<meta property=\"og:locale\" content=\"fr_FR\" \/>\n<meta property=\"og:type\" content=\"article\" \/>\n<meta property=\"og:title\" content=\"Conditions d&#039;utilisation | ABO M.N.\" \/>\n<meta property=\"og:description\" content=\"Les pr\u00e9sentes conditions g\u00e9n\u00e9rales d&rsquo;utilisation du site Web r\u00e9gissent les conditions g\u00e9n\u00e9rales d&rsquo;acc\u00e8s et d&rsquo;utilisation www.abomn.com, propri\u00e9t\u00e9 de : Titulaire: JAMAL GHARBAOUI Adresse: Aingeru Kalea 12 \u00b7 20720 Azkoitia [Gipuzkoa] Site Web : www.abomn.com L&rsquo;utilisateur du site doit lire et accepter pour utiliser tous les services et informations fournis \u00e0 partir du site. L\u2019acc\u00e8s et\/ou [&hellip;]\" \/>\n<meta property=\"og:url\" content=\"https:\/\/abomn.com\/fr\/conditions-dutilisation\/\" \/>\n<meta property=\"og:site_name\" content=\"ABO M.N.\" \/>\n<meta property=\"article:modified_time\" content=\"2025-07-07T11:32:49+00:00\" \/>\n<meta name=\"twitter:card\" content=\"summary_large_image\" \/>\n<meta name=\"twitter:label1\" content=\"Dur\u00e9e de lecture estim\u00e9e\" \/>\n\t<meta name=\"twitter:data1\" content=\"3 minutes\" \/>\n<script type=\"application\/ld+json\" class=\"yoast-schema-graph\">{\"@context\":\"https:\/\/schema.org\",\"@graph\":[{\"@type\":\"WebPage\",\"@id\":\"https:\/\/abomn.com\/fr\/conditions-dutilisation\/\",\"url\":\"https:\/\/abomn.com\/fr\/conditions-dutilisation\/\",\"name\":\"Conditions d'utilisation | ABO M.N.\",\"isPartOf\":{\"@id\":\"https:\/\/abomn.com\/fr\/#website\"},\"datePublished\":\"2025-07-07T11:31:58+00:00\",\"dateModified\":\"2025-07-07T11:32:49+00:00\",\"breadcrumb\":{\"@id\":\"https:\/\/abomn.com\/fr\/conditions-dutilisation\/#breadcrumb\"},\"inLanguage\":\"fr-FR\",\"potentialAction\":[{\"@type\":\"ReadAction\",\"target\":[\"https:\/\/abomn.com\/fr\/conditions-dutilisation\/\"]}]},{\"@type\":\"BreadcrumbList\",\"@id\":\"https:\/\/abomn.com\/fr\/conditions-dutilisation\/#breadcrumb\",\"itemListElement\":[{\"@type\":\"ListItem\",\"position\":1,\"name\":\"Home\",\"item\":\"https:\/\/abomn.com\/fr\/\"},{\"@type\":\"ListItem\",\"position\":2,\"name\":\"Conditions d&#8217;utilisation\"}]},{\"@type\":\"WebSite\",\"@id\":\"https:\/\/abomn.com\/fr\/#website\",\"url\":\"https:\/\/abomn.com\/fr\/\",\"name\":\"ABO M.N.\",\"description\":\"\",\"potentialAction\":[{\"@type\":\"SearchAction\",\"target\":{\"@type\":\"EntryPoint\",\"urlTemplate\":\"https:\/\/abomn.com\/fr\/?s={search_term_string}\"},\"query-input\":{\"@type\":\"PropertyValueSpecification\",\"valueRequired\":true,\"valueName\":\"search_term_string\"}}],\"inLanguage\":\"fr-FR\"}]}<\/script>\n<!-- \/ Yoast SEO plugin. -->","yoast_head_json":{"title":"Conditions d'utilisation | ABO M.N.","robots":{"index":"index","follow":"follow","max-snippet":"max-snippet:-1","max-image-preview":"max-image-preview:large","max-video-preview":"max-video-preview:-1"},"canonical":"https:\/\/abomn.com\/fr\/conditions-dutilisation\/","og_locale":"fr_FR","og_type":"article","og_title":"Conditions d'utilisation | ABO M.N.","og_description":"Les pr\u00e9sentes conditions g\u00e9n\u00e9rales d&rsquo;utilisation du site Web r\u00e9gissent les conditions g\u00e9n\u00e9rales d&rsquo;acc\u00e8s et d&rsquo;utilisation www.abomn.com, propri\u00e9t\u00e9 de : Titulaire: JAMAL GHARBAOUI Adresse: Aingeru Kalea 12 \u00b7 20720 Azkoitia [Gipuzkoa] Site Web : www.abomn.com L&rsquo;utilisateur du site doit lire et accepter pour utiliser tous les services et informations fournis \u00e0 partir du site. L\u2019acc\u00e8s et\/ou [&hellip;]","og_url":"https:\/\/abomn.com\/fr\/conditions-dutilisation\/","og_site_name":"ABO M.N.","article_modified_time":"2025-07-07T11:32:49+00:00","twitter_card":"summary_large_image","twitter_misc":{"Dur\u00e9e de lecture estim\u00e9e":"3 minutes"},"schema":{"@context":"https:\/\/schema.org","@graph":[{"@type":"WebPage","@id":"https:\/\/abomn.com\/fr\/conditions-dutilisation\/","url":"https:\/\/abomn.com\/fr\/conditions-dutilisation\/","name":"Conditions d'utilisation | ABO M.N.","isPartOf":{"@id":"https:\/\/abomn.com\/fr\/#website"},"datePublished":"2025-07-07T11:31:58+00:00","dateModified":"2025-07-07T11:32:49+00:00","breadcrumb":{"@id":"https:\/\/abomn.com\/fr\/conditions-dutilisation\/#breadcrumb"},"inLanguage":"fr-FR","potentialAction":[{"@type":"ReadAction","target":["https:\/\/abomn.com\/fr\/conditions-dutilisation\/"]}]},{"@type":"BreadcrumbList","@id":"https:\/\/abomn.com\/fr\/conditions-dutilisation\/#breadcrumb","itemListElement":[{"@type":"ListItem","position":1,"name":"Home","item":"https:\/\/abomn.com\/fr\/"},{"@type":"ListItem","position":2,"name":"Conditions d&#8217;utilisation"}]},{"@type":"WebSite","@id":"https:\/\/abomn.com\/fr\/#website","url":"https:\/\/abomn.com\/fr\/","name":"ABO M.N.","description":"","potentialAction":[{"@type":"SearchAction","target":{"@type":"EntryPoint","urlTemplate":"https:\/\/abomn.com\/fr\/?s={search_term_string}"},"query-input":{"@type":"PropertyValueSpecification","valueRequired":true,"valueName":"search_term_string"}}],"inLanguage":"fr-FR"}]}},"_links":{"self":[{"href":"https:\/\/abomn.com\/fr\/wp-json\/wp\/v2\/pages\/835","targetHints":{"allow":["GET"]}}],"collection":[{"href":"https:\/\/abomn.com\/fr\/wp-json\/wp\/v2\/pages"}],"about":[{"href":"https:\/\/abomn.com\/fr\/wp-json\/wp\/v2\/types\/page"}],"author":[{"embeddable":true,"href":"https:\/\/abomn.com\/fr\/wp-json\/wp\/v2\/users\/2"}],"replies":[{"embeddable":true,"href":"https:\/\/abomn.com\/fr\/wp-json\/wp\/v2\/comments?post=835"}],"version-history":[{"count":2,"href":"https:\/\/abomn.com\/fr\/wp-json\/wp\/v2\/pages\/835\/revisions"}],"predecessor-version":[{"id":837,"href":"https:\/\/abomn.com\/fr\/wp-json\/wp\/v2\/pages\/835\/revisions\/837"}],"wp:attachment":[{"href":"https:\/\/abomn.com\/fr\/wp-json\/wp\/v2\/media?parent=835"}],"curies":[{"name":"wp","href":"https:\/\/api.w.org\/{rel}","templated":true}]}}