{"id":820,"date":"2025-07-07T13:21:11","date_gmt":"2025-07-07T11:21:11","guid":{"rendered":"https:\/\/abomn.com\/?page_id=820"},"modified":"2025-07-07T13:21:11","modified_gmt":"2025-07-07T11:21:11","slug":"politique-de-cookies","status":"publish","type":"page","link":"https:\/\/abomn.com\/fr\/politique-de-cookies\/","title":{"rendered":"Politique de cookies"},"content":{"rendered":"<h2>Qu&rsquo;est-ce que les cookies?<\/h2>\n<p>Cette politique de cookies explique ce que sont les cookies et comment nous les utilisons, les types de cookies que nous utilisons, c\u2019est-\u00e0-dire les informations que nous recueillons par l\u2019utilisation de cookies et comment ces informations sont utilis\u00e9es, et comment g\u00e9rer les param\u00e8tres des cookies.<\/p>\n<p>Les cookies sont de petits fichiers texte qui sont utilis\u00e9s pour stocker de petites pi\u00e8ces d&rsquo;informations. Ils sont stock\u00e9s sur votre appareil lorsque le site Web est charg\u00e9 sur votre navegador.Estas cookies nous aident \u00e0 faire fonctionner le site Web correctement, le rendent plus s\u00fbr, offrent une meilleure exp\u00e9rience utilisateur et comprennent comment le site Web fonctionne et analysent ce qui fonctionne et o\u00f9 il doit \u00eatre am\u00e9lior\u00e9.<\/p>\n<p>&nbsp;<\/p>\n<h2>Comment utilisons-nous les cookies ?<\/h2>\n<p>Comme la plupart des services en ligne, notre site Web utilise ses propres cookies et des cookies tiers \u00e0 diverses fins. Les cookies de premi\u00e8re partie sont pour la plupart n\u00e9cessaires au bon fonctionnement du site Web et ne collectent aucune donn\u00e9e personnelle identifiable.<\/p>\n<p>Les cookies tiers utilis\u00e9s sur notre site Web sont principalement destin\u00e9s \u00e0 comprendre comment le site Web fonctionne, comment il interagit avec notre site Web, maintenir nos services en s\u00e9curit\u00e9, fournir des publicit\u00e9s pertinentes pour vous, et en g\u00e9n\u00e9ral, vous fournir une meilleure exp\u00e9rience utilisateur am\u00e9lior\u00e9e et aider \u00e0 acc\u00e9l\u00e9rer vos interactions futures avec notre site Web.<\/p>\n<p>&nbsp;<\/p>\n<h2>Les cookies que nous utilisons sur notre site<\/h2>\n<p>[wcc_category_list]<\/p>\n<p>&nbsp;<\/p>\n<h2>G\u00e9rer les pr\u00e9f\u00e9rences de cookies<\/h2>\n<p>Vous pouvez modifier vos pr\u00e9f\u00e9rences de cookies \u00e0 tout moment en cliquant sur le bouton [wcc_preference_button]. Cela vous permettra de visiter \u00e0 nouveau la banni\u00e8re de consentement aux cookies et de modifier vos pr\u00e9f\u00e9rences ou de retirer votre consentement imm\u00e9diatement. En outre, les diff\u00e9rents navigateurs offrent diff\u00e9rentes m\u00e9thodes pour bloquer et supprimer les cookies utilis\u00e9s par les sites Web. Vous pouvez modifier les param\u00e8tres de votre navigateur pour bloquer \/ supprimer les cookies. Vous trouverez ci-dessous les liens vers les documents de soutien sur la fa\u00e7on de g\u00e9rer et de supprimer les cookies des principaux navigateurs Web.<\/p>\n<p>Chrome: <a href=\"https:\/\/support.google.com\/accounts\/answer\/32050\">https:\/\/support.google.com\/accounts\/answer\/32050<\/a><\/p>\n<p>Safari : <a href=\"https:\/\/support.apple.com\/en-in\/guide\/safari\/sfri11471\/mac\">https:\/\/support.apple.com\/en-in\/guide\/safari\/sfri11471\/mac<\/a><\/p>\n<p>Firefox : <a href=\"https:\/\/support.mozilla.org\/en-US\/kb\/clear-cookies-and-site-data-firefox?redirectslug=delete-cookies-remove-info-websites-stored&amp;redirectlocale=en-US\">https:\/\/support.mozilla.org\/en-US\/kb\/clear-cookies-and-site-data-firefox?redirectslug=delete-cookies-remove-info-websites-stored&amp;redirectlocale=en-US<\/a><\/p>\n<p>Microsoft Edge: <a href=\"https:\/\/support.microsoft.com\/en-us\/microsoft-edge\/delete-cookies-in-microsoft-edge-63947406-40ac-c3b8-57b9-2a946a29ae09\">Supprimer les cookies dans Microsoft Edge &#8211; Microsoft Support<\/a><\/p>\n<p>Si vous utilisez un autre navigateur Web, veuillez consulter les documents d&rsquo;assistance officiels de votre navigateur.<\/p>\n","protected":false},"excerpt":{"rendered":"<p>Qu&rsquo;est-ce que les cookies? Cette politique de cookies explique ce que sont les cookies et comment nous les utilisons, les types de cookies que nous utilisons, c\u2019est-\u00e0-dire les informations que nous recueillons par l\u2019utilisation de cookies et comment ces informations sont utilis\u00e9es, et comment g\u00e9rer les param\u00e8tres des cookies. Les cookies sont de petits fichiers [&hellip;]<\/p>\n","protected":false},"author":2,"featured_media":0,"parent":0,"menu_order":0,"comment_status":"closed","ping_status":"closed","template":"","meta":{"_acf_changed":false,"footnotes":""},"class_list":["post-820","page","type-page","status-publish","hentry"],"acf":[],"yoast_head":"<!-- This site is optimized with the Yoast SEO plugin v25.5 - https:\/\/yoast.com\/wordpress\/plugins\/seo\/ -->\n<title>Politique de cookies | ABO M.N.<\/title>\n<meta name=\"robots\" content=\"index, follow, max-snippet:-1, max-image-preview:large, max-video-preview:-1\" \/>\n<link rel=\"canonical\" href=\"https:\/\/abomn.com\/fr\/politique-de-cookies\/\" \/>\n<meta property=\"og:locale\" content=\"fr_FR\" \/>\n<meta property=\"og:type\" content=\"article\" \/>\n<meta property=\"og:title\" content=\"Politique de cookies | ABO M.N.\" \/>\n<meta property=\"og:description\" content=\"Qu&rsquo;est-ce que les cookies? Cette politique de cookies explique ce que sont les cookies et comment nous les utilisons, les types de cookies que nous utilisons, c\u2019est-\u00e0-dire les informations que nous recueillons par l\u2019utilisation de cookies et comment ces informations sont utilis\u00e9es, et comment g\u00e9rer les param\u00e8tres des cookies. Les cookies sont de petits fichiers [&hellip;]\" \/>\n<meta property=\"og:url\" content=\"https:\/\/abomn.com\/fr\/politique-de-cookies\/\" \/>\n<meta property=\"og:site_name\" content=\"ABO M.N.\" \/>\n<meta name=\"twitter:card\" content=\"summary_large_image\" \/>\n<meta name=\"twitter:label1\" content=\"Dur\u00e9e de lecture estim\u00e9e\" \/>\n\t<meta name=\"twitter:data1\" content=\"2 minutes\" \/>\n<script type=\"application\/ld+json\" class=\"yoast-schema-graph\">{\"@context\":\"https:\/\/schema.org\",\"@graph\":[{\"@type\":\"WebPage\",\"@id\":\"https:\/\/abomn.com\/fr\/politique-de-cookies\/\",\"url\":\"https:\/\/abomn.com\/fr\/politique-de-cookies\/\",\"name\":\"Politique de cookies | ABO M.N.\",\"isPartOf\":{\"@id\":\"https:\/\/abomn.com\/fr\/#website\"},\"datePublished\":\"2025-07-07T11:21:11+00:00\",\"breadcrumb\":{\"@id\":\"https:\/\/abomn.com\/fr\/politique-de-cookies\/#breadcrumb\"},\"inLanguage\":\"fr-FR\",\"potentialAction\":[{\"@type\":\"ReadAction\",\"target\":[\"https:\/\/abomn.com\/fr\/politique-de-cookies\/\"]}]},{\"@type\":\"BreadcrumbList\",\"@id\":\"https:\/\/abomn.com\/fr\/politique-de-cookies\/#breadcrumb\",\"itemListElement\":[{\"@type\":\"ListItem\",\"position\":1,\"name\":\"Home\",\"item\":\"https:\/\/abomn.com\/fr\/\"},{\"@type\":\"ListItem\",\"position\":2,\"name\":\"Politique de cookies\"}]},{\"@type\":\"WebSite\",\"@id\":\"https:\/\/abomn.com\/fr\/#website\",\"url\":\"https:\/\/abomn.com\/fr\/\",\"name\":\"ABO M.N.\",\"description\":\"\",\"potentialAction\":[{\"@type\":\"SearchAction\",\"target\":{\"@type\":\"EntryPoint\",\"urlTemplate\":\"https:\/\/abomn.com\/fr\/?s={search_term_string}\"},\"query-input\":{\"@type\":\"PropertyValueSpecification\",\"valueRequired\":true,\"valueName\":\"search_term_string\"}}],\"inLanguage\":\"fr-FR\"}]}<\/script>\n<!-- \/ Yoast SEO plugin. -->","yoast_head_json":{"title":"Politique de cookies | ABO M.N.","robots":{"index":"index","follow":"follow","max-snippet":"max-snippet:-1","max-image-preview":"max-image-preview:large","max-video-preview":"max-video-preview:-1"},"canonical":"https:\/\/abomn.com\/fr\/politique-de-cookies\/","og_locale":"fr_FR","og_type":"article","og_title":"Politique de cookies | ABO M.N.","og_description":"Qu&rsquo;est-ce que les cookies? Cette politique de cookies explique ce que sont les cookies et comment nous les utilisons, les types de cookies que nous utilisons, c\u2019est-\u00e0-dire les informations que nous recueillons par l\u2019utilisation de cookies et comment ces informations sont utilis\u00e9es, et comment g\u00e9rer les param\u00e8tres des cookies. Les cookies sont de petits fichiers [&hellip;]","og_url":"https:\/\/abomn.com\/fr\/politique-de-cookies\/","og_site_name":"ABO M.N.","twitter_card":"summary_large_image","twitter_misc":{"Dur\u00e9e de lecture estim\u00e9e":"2 minutes"},"schema":{"@context":"https:\/\/schema.org","@graph":[{"@type":"WebPage","@id":"https:\/\/abomn.com\/fr\/politique-de-cookies\/","url":"https:\/\/abomn.com\/fr\/politique-de-cookies\/","name":"Politique de cookies | ABO M.N.","isPartOf":{"@id":"https:\/\/abomn.com\/fr\/#website"},"datePublished":"2025-07-07T11:21:11+00:00","breadcrumb":{"@id":"https:\/\/abomn.com\/fr\/politique-de-cookies\/#breadcrumb"},"inLanguage":"fr-FR","potentialAction":[{"@type":"ReadAction","target":["https:\/\/abomn.com\/fr\/politique-de-cookies\/"]}]},{"@type":"BreadcrumbList","@id":"https:\/\/abomn.com\/fr\/politique-de-cookies\/#breadcrumb","itemListElement":[{"@type":"ListItem","position":1,"name":"Home","item":"https:\/\/abomn.com\/fr\/"},{"@type":"ListItem","position":2,"name":"Politique de cookies"}]},{"@type":"WebSite","@id":"https:\/\/abomn.com\/fr\/#website","url":"https:\/\/abomn.com\/fr\/","name":"ABO M.N.","description":"","potentialAction":[{"@type":"SearchAction","target":{"@type":"EntryPoint","urlTemplate":"https:\/\/abomn.com\/fr\/?s={search_term_string}"},"query-input":{"@type":"PropertyValueSpecification","valueRequired":true,"valueName":"search_term_string"}}],"inLanguage":"fr-FR"}]}},"_links":{"self":[{"href":"https:\/\/abomn.com\/fr\/wp-json\/wp\/v2\/pages\/820","targetHints":{"allow":["GET"]}}],"collection":[{"href":"https:\/\/abomn.com\/fr\/wp-json\/wp\/v2\/pages"}],"about":[{"href":"https:\/\/abomn.com\/fr\/wp-json\/wp\/v2\/types\/page"}],"author":[{"embeddable":true,"href":"https:\/\/abomn.com\/fr\/wp-json\/wp\/v2\/users\/2"}],"replies":[{"embeddable":true,"href":"https:\/\/abomn.com\/fr\/wp-json\/wp\/v2\/comments?post=820"}],"version-history":[{"count":1,"href":"https:\/\/abomn.com\/fr\/wp-json\/wp\/v2\/pages\/820\/revisions"}],"predecessor-version":[{"id":821,"href":"https:\/\/abomn.com\/fr\/wp-json\/wp\/v2\/pages\/820\/revisions\/821"}],"wp:attachment":[{"href":"https:\/\/abomn.com\/fr\/wp-json\/wp\/v2\/media?parent=820"}],"curies":[{"name":"wp","href":"https:\/\/api.w.org\/{rel}","templated":true}]}}