{"id":807,"date":"2025-07-07T13:11:37","date_gmt":"2025-07-07T11:11:37","guid":{"rendered":"https:\/\/abomn.com\/?page_id=807"},"modified":"2025-07-07T13:11:37","modified_gmt":"2025-07-07T11:11:37","slug":"politique-de-confidentialite","status":"publish","type":"page","link":"https:\/\/abomn.com\/fr\/politique-de-confidentialite\/","title":{"rendered":"Politique de confidentialit\u00e9"},"content":{"rendered":"<p>JAMAL GHARBAOUI garantit le respect de la r\u00e9glementation en vigueur en mati\u00e8re de protection des donn\u00e9es personnelles, telle qu\u2019elle est refl\u00e9t\u00e9e dans la loi organique 3\/2018 du 5 d\u00e9cembre sur la protection des donn\u00e9es personnelles et la garantie des droits num\u00e9riques (LOPD GDD). Il est \u00e9galement conforme au r\u00e8glement (UE) 2016\/679 du Parlement europ\u00e9en et du Conseil du 27 avril 2016 relatif \u00e0 la protection des personnes physiques (RGPD). L&rsquo;utilisation du site Web implique l&rsquo;acceptation de cette politique de confidentialit\u00e9 ainsi que les conditions incluses dans l&rsquo;avis juridique.<\/p>\n<p>Donn\u00e9es du titulaire<\/p>\n<ul>\n<li><strong>Titulaire:<\/strong> JAMAL GHARBAOUI<\/li>\n<li><strong>Adresse:<\/strong> Aingeru Kalea 12 \u00b7 20720 Azkoitia [Gipuzkoa]<\/li>\n<li><strong>Site Web :<\/strong> www.abomn.com<\/li>\n<\/ul>\n<p>Bases appliqu\u00e9es<\/p>\n<p>Selon les exigences du nouveau r\u00e8glement europ\u00e9en sur la protection des donn\u00e9es:JAMAL GHARBAOUI aura<br \/>\ntoujours besoin du consentement pour le traitement de vos donn\u00e9es personnelles qui peut \u00eatre \u00e0 une ou plusieurs fins sp\u00e9cifiques sur lesquelles vous serez inform\u00e9 pr\u00e9alablement en toute transparence. JAMAL GHARBAOUI vous demandera uniquement les donn\u00e9es strictement n\u00e9cessaires \u00e0 la fin ou aux fins qui les demandent. Les donn\u00e9es seront conserv\u00e9es aussi longtemps que n\u00e9cessaire \u00e0 la fin ou aux fins du traitement. Vos donn\u00e9es seront trait\u00e9es de mani\u00e8re s\u00e9curis\u00e9e et confidentielle en garantissant leur int\u00e9grit\u00e9.<\/p>\n<p>Vos droits<\/p>\n<p>JAMAL GHARBAOUI vous informe que sur vos donn\u00e9es personnelles vous avez le droit de :<\/p>\n<ul>\n<li>Demander l&rsquo;acc\u00e8s aux donn\u00e9es stock\u00e9es.<\/li>\n<li>Demander une rectification ou une annulation.<\/li>\n<li>Demander la limitation de votre traitement.<\/li>\n<li>Optez pour le traitement.<\/li>\n<li>Demander la portabilit\u00e9 de vos donn\u00e9es.<\/li>\n<\/ul>\n<p>L\u2019exercice de ces droits est personnel et doit donc \u00eatre exerc\u00e9 directement par la personne concern\u00e9e, en le demandant directement \u00e0 JAMAL GHARBAOUI en envoyant un courriel \u00e0 nisrine57@yahoo.com.<\/p>\n<p>Finalit\u00e9 du traitement des donn\u00e9es \u00e0 caract\u00e8re personnel<\/p>\n<p>JAMAL GHARBAOUI demande des donn\u00e9es \u00e0 caract\u00e8re personnel, notamment: Nom, adresse e-mail et num\u00e9ro de t\u00e9l\u00e9phone afin de r\u00e9pondre \u00e0 vos demandes. JAMAL GHARBAOUI utilise ces donn\u00e9es pour r\u00e9pondre \u00e0 vos messages, doutes, plaintes, commentaires ou pr\u00e9occupations que vous pourriez avoir concernant les informations contenues sur le site Web, les services fournis par le biais du site Web, le traitement de vos donn\u00e9es personnelles, les questions concernant les textes juridiques inclus sur le site Web, ainsi que toute autre consultation que vous pourriez avoir et qui n&rsquo;est pas soumise aux conditions du site Web ou du contrat.<\/p>\n<p>Politique relative aux cookies<\/p>\n<p>Pour que ce site Web fonctionne correctement, vous devez utiliser des cookies, qui sont des informations stock\u00e9es dans votre navigateur Web. Sur la page Politique relative aux cookies, vous pouvez consulter toutes les informations concernant la politique de collecte, la finalit\u00e9 et le traitement des cookies.<\/p>\n<p>Navigation web<\/p>\n<p>Lors de la navigation sur le site Web, des donn\u00e9es non identifiables peuvent \u00eatre collect\u00e9es, y compris, l&rsquo;adresse IP, la g\u00e9olocalisation, un enregistrement de la fa\u00e7on dont les services et les sites sont utilis\u00e9s, les habitudes de navigation et d&rsquo;autres donn\u00e9es qui ne peuvent pas \u00eatre utilis\u00e9es pour vous identifier. Le site Web utilise les services d&rsquo;analyse tiers suivants: Google Analytics est un service d&rsquo;analyse web fourni par Google, Inc., une soci\u00e9t\u00e9 du Delaware dont le si\u00e8ge social se trouve au 1600 Amphitheatre Parkway, Mountain View (Californie), CA 94043, \u00c9tats-Unis (\u00ab Google \u00bb). Google Analytics utilise des \u00ab cookies \u00bb, qui sont des fichiers texte plac\u00e9s sur votre ordinateur, pour aider JAMAL GHARBAOUI \u00e0 analyser l\u2019utilisation du site par les utilisateurs. Les informations g\u00e9n\u00e9r\u00e9es par les cookies concernant votre utilisation du site Web (y compris votre adresse IP) seront transmises et stock\u00e9es par Google sur des serveurs situ\u00e9s aux \u00c9tats-Unis. JAMAL GHARBAOUI utilise les informations obtenues pour obtenir des donn\u00e9es statistiques, analyser les tendances, administrer le site, \u00e9tudier les habitudes de navigation et recueillir des informations d\u00e9mographiques.<\/p>\n<p>Exactitude et v\u00e9racit\u00e9 des donn\u00e9es<\/p>\n<p>Vous vous engagez \u00e0 ce que les donn\u00e9es fournies \u00e0 JAMAL GHARBAOUI soient correctes, compl\u00e8tes, exactes et en vigueur, et \u00e0 les tenir d\u00fbment \u00e0 jour. En tant qu\u2019utilisateur du site Web, vous \u00eates seul responsable de la v\u00e9racit\u00e9 et de la correction des donn\u00e9es que vous renvoyez au site en exon\u00e9rant JAMAL GHARBAOUI de toute responsabilit\u00e9 \u00e0 cet \u00e9gard.<\/p>\n<p>Acceptation et consentement<\/p>\n<p>En tant qu\u2019Utilisateur du site Web, vous d\u00e9clarez avoir \u00e9t\u00e9 inform\u00e9 des conditions relatives \u00e0 la protection des donn\u00e9es \u00e0 caract\u00e8re personnel, vous acceptez et consentez au traitement de ces donn\u00e9es par JAMAL GHARBAOUI de la mani\u00e8re et aux fins indiqu\u00e9es dans la pr\u00e9sente Politique de confidentialit\u00e9.<\/p>\n<p>R\u00e9vocabilit\u00e9<\/p>\n<p>Pour exercer vos droits d&rsquo;acc\u00e8s, de rectification, d&rsquo;annulation, de portabilit\u00e9 et d&rsquo;opposition, vous devez envoyer un e-mail \u00e0 nisrine57@yahoo.com avec la preuve valide en droit comme une photocopie du D.N.I. ou \u00e9quivalent. L\u2019exercice de vos droits ne comprend aucune donn\u00e9e que JAMAL GHARBAOUI est tenu de conserver \u00e0 des fins administratives, l\u00e9gales ou de s\u00e9curit\u00e9.<\/p>\n<p>Modifications apport\u00e9es \u00e0 la Politique de confidentialit\u00e9<\/p>\n<p>JAMAL GHARBAOUI se r\u00e9serve le droit de modifier la pr\u00e9sente Politique de Confidentialit\u00e9 pour l\u2019adapter aux nouveaut\u00e9s l\u00e9gislatives ou jurisprudentielles ainsi qu\u2019aux pratiques de l\u2019industrie. Ces politiques seront en vigueur jusqu&rsquo;\u00e0 ce qu&rsquo;elles soient modifi\u00e9es par d&rsquo;autres d\u00fbment publi\u00e9es.<\/p>\n","protected":false},"excerpt":{"rendered":"<p>JAMAL GHARBAOUI garantit le respect de la r\u00e9glementation en vigueur en mati\u00e8re de protection des donn\u00e9es personnelles, telle qu\u2019elle est refl\u00e9t\u00e9e dans la loi organique 3\/2018 du 5 d\u00e9cembre sur la protection des donn\u00e9es personnelles et la garantie des droits num\u00e9riques (LOPD GDD). Il est \u00e9galement conforme au r\u00e8glement (UE) 2016\/679 du Parlement europ\u00e9en et [&hellip;]<\/p>\n","protected":false},"author":2,"featured_media":0,"parent":0,"menu_order":0,"comment_status":"closed","ping_status":"closed","template":"","meta":{"_acf_changed":false,"footnotes":""},"class_list":["post-807","page","type-page","status-publish","hentry"],"acf":[],"yoast_head":"<!-- This site is optimized with the Yoast SEO plugin v25.5 - https:\/\/yoast.com\/wordpress\/plugins\/seo\/ -->\n<title>Politique de confidentialit\u00e9 | ABO M.N.<\/title>\n<meta name=\"robots\" content=\"index, follow, max-snippet:-1, max-image-preview:large, max-video-preview:-1\" \/>\n<link rel=\"canonical\" href=\"https:\/\/abomn.com\/fr\/politique-de-confidentialite\/\" \/>\n<meta property=\"og:locale\" content=\"fr_FR\" \/>\n<meta property=\"og:type\" content=\"article\" \/>\n<meta property=\"og:title\" content=\"Politique de confidentialit\u00e9 | ABO M.N.\" \/>\n<meta property=\"og:description\" content=\"JAMAL GHARBAOUI garantit le respect de la r\u00e9glementation en vigueur en mati\u00e8re de protection des donn\u00e9es personnelles, telle qu\u2019elle est refl\u00e9t\u00e9e dans la loi organique 3\/2018 du 5 d\u00e9cembre sur la protection des donn\u00e9es personnelles et la garantie des droits num\u00e9riques (LOPD GDD). Il est \u00e9galement conforme au r\u00e8glement (UE) 2016\/679 du Parlement europ\u00e9en et [&hellip;]\" \/>\n<meta property=\"og:url\" content=\"https:\/\/abomn.com\/fr\/politique-de-confidentialite\/\" \/>\n<meta property=\"og:site_name\" content=\"ABO M.N.\" \/>\n<meta name=\"twitter:card\" content=\"summary_large_image\" \/>\n<meta name=\"twitter:label1\" content=\"Dur\u00e9e de lecture estim\u00e9e\" \/>\n\t<meta name=\"twitter:data1\" content=\"4 minutes\" \/>\n<script type=\"application\/ld+json\" class=\"yoast-schema-graph\">{\"@context\":\"https:\/\/schema.org\",\"@graph\":[{\"@type\":\"WebPage\",\"@id\":\"https:\/\/abomn.com\/fr\/politique-de-confidentialite\/\",\"url\":\"https:\/\/abomn.com\/fr\/politique-de-confidentialite\/\",\"name\":\"Politique de confidentialit\u00e9 | ABO M.N.\",\"isPartOf\":{\"@id\":\"https:\/\/abomn.com\/fr\/#website\"},\"datePublished\":\"2025-07-07T11:11:37+00:00\",\"breadcrumb\":{\"@id\":\"https:\/\/abomn.com\/fr\/politique-de-confidentialite\/#breadcrumb\"},\"inLanguage\":\"fr-FR\",\"potentialAction\":[{\"@type\":\"ReadAction\",\"target\":[\"https:\/\/abomn.com\/fr\/politique-de-confidentialite\/\"]}]},{\"@type\":\"BreadcrumbList\",\"@id\":\"https:\/\/abomn.com\/fr\/politique-de-confidentialite\/#breadcrumb\",\"itemListElement\":[{\"@type\":\"ListItem\",\"position\":1,\"name\":\"Home\",\"item\":\"https:\/\/abomn.com\/fr\/\"},{\"@type\":\"ListItem\",\"position\":2,\"name\":\"Politique de confidentialit\u00e9\"}]},{\"@type\":\"WebSite\",\"@id\":\"https:\/\/abomn.com\/fr\/#website\",\"url\":\"https:\/\/abomn.com\/fr\/\",\"name\":\"ABO M.N.\",\"description\":\"\",\"potentialAction\":[{\"@type\":\"SearchAction\",\"target\":{\"@type\":\"EntryPoint\",\"urlTemplate\":\"https:\/\/abomn.com\/fr\/?s={search_term_string}\"},\"query-input\":{\"@type\":\"PropertyValueSpecification\",\"valueRequired\":true,\"valueName\":\"search_term_string\"}}],\"inLanguage\":\"fr-FR\"}]}<\/script>\n<!-- \/ Yoast SEO plugin. -->","yoast_head_json":{"title":"Politique de confidentialit\u00e9 | ABO M.N.","robots":{"index":"index","follow":"follow","max-snippet":"max-snippet:-1","max-image-preview":"max-image-preview:large","max-video-preview":"max-video-preview:-1"},"canonical":"https:\/\/abomn.com\/fr\/politique-de-confidentialite\/","og_locale":"fr_FR","og_type":"article","og_title":"Politique de confidentialit\u00e9 | ABO M.N.","og_description":"JAMAL GHARBAOUI garantit le respect de la r\u00e9glementation en vigueur en mati\u00e8re de protection des donn\u00e9es personnelles, telle qu\u2019elle est refl\u00e9t\u00e9e dans la loi organique 3\/2018 du 5 d\u00e9cembre sur la protection des donn\u00e9es personnelles et la garantie des droits num\u00e9riques (LOPD GDD). Il est \u00e9galement conforme au r\u00e8glement (UE) 2016\/679 du Parlement europ\u00e9en et [&hellip;]","og_url":"https:\/\/abomn.com\/fr\/politique-de-confidentialite\/","og_site_name":"ABO M.N.","twitter_card":"summary_large_image","twitter_misc":{"Dur\u00e9e de lecture estim\u00e9e":"4 minutes"},"schema":{"@context":"https:\/\/schema.org","@graph":[{"@type":"WebPage","@id":"https:\/\/abomn.com\/fr\/politique-de-confidentialite\/","url":"https:\/\/abomn.com\/fr\/politique-de-confidentialite\/","name":"Politique de confidentialit\u00e9 | ABO M.N.","isPartOf":{"@id":"https:\/\/abomn.com\/fr\/#website"},"datePublished":"2025-07-07T11:11:37+00:00","breadcrumb":{"@id":"https:\/\/abomn.com\/fr\/politique-de-confidentialite\/#breadcrumb"},"inLanguage":"fr-FR","potentialAction":[{"@type":"ReadAction","target":["https:\/\/abomn.com\/fr\/politique-de-confidentialite\/"]}]},{"@type":"BreadcrumbList","@id":"https:\/\/abomn.com\/fr\/politique-de-confidentialite\/#breadcrumb","itemListElement":[{"@type":"ListItem","position":1,"name":"Home","item":"https:\/\/abomn.com\/fr\/"},{"@type":"ListItem","position":2,"name":"Politique de confidentialit\u00e9"}]},{"@type":"WebSite","@id":"https:\/\/abomn.com\/fr\/#website","url":"https:\/\/abomn.com\/fr\/","name":"ABO M.N.","description":"","potentialAction":[{"@type":"SearchAction","target":{"@type":"EntryPoint","urlTemplate":"https:\/\/abomn.com\/fr\/?s={search_term_string}"},"query-input":{"@type":"PropertyValueSpecification","valueRequired":true,"valueName":"search_term_string"}}],"inLanguage":"fr-FR"}]}},"_links":{"self":[{"href":"https:\/\/abomn.com\/fr\/wp-json\/wp\/v2\/pages\/807","targetHints":{"allow":["GET"]}}],"collection":[{"href":"https:\/\/abomn.com\/fr\/wp-json\/wp\/v2\/pages"}],"about":[{"href":"https:\/\/abomn.com\/fr\/wp-json\/wp\/v2\/types\/page"}],"author":[{"embeddable":true,"href":"https:\/\/abomn.com\/fr\/wp-json\/wp\/v2\/users\/2"}],"replies":[{"embeddable":true,"href":"https:\/\/abomn.com\/fr\/wp-json\/wp\/v2\/comments?post=807"}],"version-history":[{"count":1,"href":"https:\/\/abomn.com\/fr\/wp-json\/wp\/v2\/pages\/807\/revisions"}],"predecessor-version":[{"id":808,"href":"https:\/\/abomn.com\/fr\/wp-json\/wp\/v2\/pages\/807\/revisions\/808"}],"wp:attachment":[{"href":"https:\/\/abomn.com\/fr\/wp-json\/wp\/v2\/media?parent=807"}],"curies":[{"name":"wp","href":"https:\/\/api.w.org\/{rel}","templated":true}]}}