{"id":743,"date":"2025-06-20T13:45:00","date_gmt":"2025-06-20T11:45:00","guid":{"rendered":"https:\/\/abomn.com\/jamal-gharbaoui\/"},"modified":"2025-07-16T11:37:36","modified_gmt":"2025-07-16T09:37:36","slug":"jamal-gharbaoui","status":"publish","type":"page","link":"https:\/\/abomn.com\/fr\/","title":{"rendered":"Jamal Gharbaoui"},"content":{"rendered":"<p>Jamal Gharbaoui est n\u00e9 \u00e0 Mekn\u00e8s, au Maroc, et a d\u00e9couvert d\u00e8s son plus jeune \u00e2ge sa passion pour la peinture et la sculpture. Cet int\u00e9r\u00eat pr\u00e9coce l\u2019a conduit \u00e0 d\u00e9velopper un style artistique unique, bas\u00e9 sur la peinture en relief. En plus de cr\u00e9er des \u0153uvres sur toile, Jamal se distingue \u00e9galement par son talent pour travailler le pl\u00e2tre, transformant les murs et plafonds de maisons, foyers et b\u00e2timents en v\u00e9ritables \u0153uvres d\u2019art. En tant qu\u2019artiste et en tant qu\u2019homme, Jamal accorde une grande valeur aux deux disciplines, fusionnant cr\u00e9ativit\u00e9 et savoir-faire dans chacune de ses r\u00e9alisations.<\/p>\n","protected":false},"excerpt":{"rendered":"<p>Jamal Gharbaoui est n\u00e9 \u00e0 Mekn\u00e8s, au Maroc, et a d\u00e9couvert d\u00e8s son plus jeune \u00e2ge sa passion pour la peinture et la sculpture. Cet int\u00e9r\u00eat pr\u00e9coce l\u2019a conduit \u00e0 d\u00e9velopper un style artistique unique, bas\u00e9 sur la peinture en relief. En plus de cr\u00e9er des \u0153uvres sur toile, Jamal se distingue \u00e9galement par son [&hellip;]<\/p>\n","protected":false},"author":1,"featured_media":0,"parent":0,"menu_order":0,"comment_status":"closed","ping_status":"closed","template":"template-homepage.php","meta":{"_acf_changed":false,"footnotes":""},"class_list":["post-743","page","type-page","status-publish","hentry"],"acf":[],"yoast_head":"<!-- This site is optimized with the Yoast SEO plugin v25.5 - https:\/\/yoast.com\/wordpress\/plugins\/seo\/ -->\n<title>Jamal Gharbaoui | Peinture et pl\u00e2trage avec \u00e2me et tradition<\/title>\n<meta name=\"description\" content=\"Jamal Gharbaoui, artiste marocain qui donne vie \u00e0 la peinture et yeser\u00eda nazar\u00ed avec passion fusionnant tradition et modernit\u00e9.\" \/>\n<meta name=\"robots\" content=\"index, follow, max-snippet:-1, max-image-preview:large, max-video-preview:-1\" \/>\n<link rel=\"canonical\" href=\"https:\/\/abomn.com\/fr\/\" \/>\n<meta property=\"og:locale\" content=\"fr_FR\" \/>\n<meta property=\"og:type\" content=\"article\" \/>\n<meta property=\"og:title\" content=\"Jamal Gharbaoui | Peinture et pl\u00e2trage avec \u00e2me et tradition\" \/>\n<meta property=\"og:description\" content=\"Jamal Gharbaoui, artiste marocain qui donne vie \u00e0 la peinture et yeser\u00eda nazar\u00ed avec passion fusionnant tradition et modernit\u00e9.\" \/>\n<meta property=\"og:url\" content=\"https:\/\/abomn.com\/fr\/\" \/>\n<meta property=\"og:site_name\" content=\"ABO M.N.\" \/>\n<meta property=\"article:modified_time\" content=\"2025-07-16T09:37:36+00:00\" \/>\n<meta name=\"twitter:card\" content=\"summary_large_image\" \/>\n<meta name=\"twitter:label1\" content=\"Dur\u00e9e de lecture estim\u00e9e\" \/>\n\t<meta name=\"twitter:data1\" content=\"1 minute\" \/>\n<script type=\"application\/ld+json\" class=\"yoast-schema-graph\">{\"@context\":\"https:\/\/schema.org\",\"@graph\":[{\"@type\":\"WebPage\",\"@id\":\"https:\/\/abomn.com\/fr\/\",\"url\":\"https:\/\/abomn.com\/fr\/\",\"name\":\"Jamal Gharbaoui | Peinture et pl\u00e2trage avec \u00e2me et tradition\",\"isPartOf\":{\"@id\":\"https:\/\/abomn.com\/fr\/#website\"},\"datePublished\":\"2025-06-20T11:45:00+00:00\",\"dateModified\":\"2025-07-16T09:37:36+00:00\",\"description\":\"Jamal Gharbaoui, artiste marocain qui donne vie \u00e0 la peinture et yeser\u00eda nazar\u00ed avec passion fusionnant tradition et modernit\u00e9.\",\"breadcrumb\":{\"@id\":\"https:\/\/abomn.com\/fr\/#breadcrumb\"},\"inLanguage\":\"fr-FR\",\"potentialAction\":[{\"@type\":\"ReadAction\",\"target\":[\"https:\/\/abomn.com\/fr\/\"]}]},{\"@type\":\"BreadcrumbList\",\"@id\":\"https:\/\/abomn.com\/fr\/#breadcrumb\",\"itemListElement\":[{\"@type\":\"ListItem\",\"position\":1,\"name\":\"Home\",\"item\":\"https:\/\/abomn.com\/fr\/\"},{\"@type\":\"ListItem\",\"position\":2,\"name\":\"Jamal Gharbaoui\"}]},{\"@type\":\"WebSite\",\"@id\":\"https:\/\/abomn.com\/fr\/#website\",\"url\":\"https:\/\/abomn.com\/fr\/\",\"name\":\"ABO M.N.\",\"description\":\"\",\"potentialAction\":[{\"@type\":\"SearchAction\",\"target\":{\"@type\":\"EntryPoint\",\"urlTemplate\":\"https:\/\/abomn.com\/fr\/?s={search_term_string}\"},\"query-input\":{\"@type\":\"PropertyValueSpecification\",\"valueRequired\":true,\"valueName\":\"search_term_string\"}}],\"inLanguage\":\"fr-FR\"}]}<\/script>\n<!-- \/ Yoast SEO plugin. -->","yoast_head_json":{"title":"Jamal Gharbaoui | Peinture et pl\u00e2trage avec \u00e2me et tradition","description":"Jamal Gharbaoui, artiste marocain qui donne vie \u00e0 la peinture et yeser\u00eda nazar\u00ed avec passion fusionnant tradition et modernit\u00e9.","robots":{"index":"index","follow":"follow","max-snippet":"max-snippet:-1","max-image-preview":"max-image-preview:large","max-video-preview":"max-video-preview:-1"},"canonical":"https:\/\/abomn.com\/fr\/","og_locale":"fr_FR","og_type":"article","og_title":"Jamal Gharbaoui | Peinture et pl\u00e2trage avec \u00e2me et tradition","og_description":"Jamal Gharbaoui, artiste marocain qui donne vie \u00e0 la peinture et yeser\u00eda nazar\u00ed avec passion fusionnant tradition et modernit\u00e9.","og_url":"https:\/\/abomn.com\/fr\/","og_site_name":"ABO M.N.","article_modified_time":"2025-07-16T09:37:36+00:00","twitter_card":"summary_large_image","twitter_misc":{"Dur\u00e9e de lecture estim\u00e9e":"1 minute"},"schema":{"@context":"https:\/\/schema.org","@graph":[{"@type":"WebPage","@id":"https:\/\/abomn.com\/fr\/","url":"https:\/\/abomn.com\/fr\/","name":"Jamal Gharbaoui | Peinture et pl\u00e2trage avec \u00e2me et tradition","isPartOf":{"@id":"https:\/\/abomn.com\/fr\/#website"},"datePublished":"2025-06-20T11:45:00+00:00","dateModified":"2025-07-16T09:37:36+00:00","description":"Jamal Gharbaoui, artiste marocain qui donne vie \u00e0 la peinture et yeser\u00eda nazar\u00ed avec passion fusionnant tradition et modernit\u00e9.","breadcrumb":{"@id":"https:\/\/abomn.com\/fr\/#breadcrumb"},"inLanguage":"fr-FR","potentialAction":[{"@type":"ReadAction","target":["https:\/\/abomn.com\/fr\/"]}]},{"@type":"BreadcrumbList","@id":"https:\/\/abomn.com\/fr\/#breadcrumb","itemListElement":[{"@type":"ListItem","position":1,"name":"Home","item":"https:\/\/abomn.com\/fr\/"},{"@type":"ListItem","position":2,"name":"Jamal Gharbaoui"}]},{"@type":"WebSite","@id":"https:\/\/abomn.com\/fr\/#website","url":"https:\/\/abomn.com\/fr\/","name":"ABO M.N.","description":"","potentialAction":[{"@type":"SearchAction","target":{"@type":"EntryPoint","urlTemplate":"https:\/\/abomn.com\/fr\/?s={search_term_string}"},"query-input":{"@type":"PropertyValueSpecification","valueRequired":true,"valueName":"search_term_string"}}],"inLanguage":"fr-FR"}]}},"_links":{"self":[{"href":"https:\/\/abomn.com\/fr\/wp-json\/wp\/v2\/pages\/743","targetHints":{"allow":["GET"]}}],"collection":[{"href":"https:\/\/abomn.com\/fr\/wp-json\/wp\/v2\/pages"}],"about":[{"href":"https:\/\/abomn.com\/fr\/wp-json\/wp\/v2\/types\/page"}],"author":[{"embeddable":true,"href":"https:\/\/abomn.com\/fr\/wp-json\/wp\/v2\/users\/1"}],"replies":[{"embeddable":true,"href":"https:\/\/abomn.com\/fr\/wp-json\/wp\/v2\/comments?post=743"}],"version-history":[{"count":1,"href":"https:\/\/abomn.com\/fr\/wp-json\/wp\/v2\/pages\/743\/revisions"}],"predecessor-version":[{"id":744,"href":"https:\/\/abomn.com\/fr\/wp-json\/wp\/v2\/pages\/743\/revisions\/744"}],"wp:attachment":[{"href":"https:\/\/abomn.com\/fr\/wp-json\/wp\/v2\/media?parent=743"}],"curies":[{"name":"wp","href":"https:\/\/api.w.org\/{rel}","templated":true}]}}